{"id":33764,"date":"2023-09-11T12:34:19","date_gmt":"2023-09-11T10:34:19","guid":{"rendered":"https:\/\/www.melasol.net\/produkt\/sportsfreund-x-melasol-satteldecke-wolle-red-desert\/"},"modified":"2024-12-28T18:23:53","modified_gmt":"2024-12-28T17:23:53","slug":"sportsfreund-x-melasol-satteldecke-wolle-red-desert","status":"publish","type":"product","link":"https:\/\/www.melasol.net\/en\/produkt\/sportsfreund-x-melasol-satteldecke-wolle-red-desert\/","title":{"rendered":"Sportsfreund x Melasol \/ Satteldecke Wolle RED DESERT"},"content":{"rendered":"<p><strong>Melas\u00f3l und <a href=\"https:\/\/www.sportsfreund-studios.com\" target=\"_blank\" rel=\"noopener\">Sportsfreund Studios<\/a><\/strong> haben ihre n\u00e4chste gemeinsame Satteldecke entworfen: Verzauberndes<strong> isl\u00e4ndisches Fischleder<\/strong> verziert die exklusive <strong>Satteldecke aus 100% bayerischer Wolle.<\/strong><\/p>\n<ul>\n<li>Wolle ist\u00a0<strong>schwei\u00dfabsorbierend, antibakteriell, thermoregulierend, aktiviert die Blutzirkulation<\/strong>\u00a0und sorgt f\u00fcr ein gesundes Mikroklima zwischen Sattel und Pferd. Das macht das Naturmaterial hervorragend geeignet f\u00fcr Pferde mit empfindlichem R\u00fccken.<\/li>\n<li>Der anatomische Schnitt sorgt f\u00fcr einen\u00a0<strong>freien Widerrist und Wirbels\u00e4ulenkanal<\/strong>.<\/li>\n<li><strong>Sicherer Sitz<\/strong>\u00a0dank rutschhemmender Steppung.<\/li>\n<li>Die volumin\u00f6se F\u00fcllung aus nat\u00fcrlichem Wollvlies wirkt\u00a0<strong>druckausgleichend<\/strong> und nimmt zus\u00e4tzlich Schwei\u00df auf<\/li>\n<\/ul>\n<p>Wolle trifft Leder. Zwei nat\u00fcrliche Werkstoffe verbinden sich zu einem exquisiten Produkt. Glamour\u00f6sesisl\u00e4ndisches Fischleder verziert die Satteldecke aus bodenst\u00e4ndigem bayerischen Tuchloden.<\/p>\n<h2>Satteldecke aus 100% Wolle<\/h2>\n<p>Bayerischer Loden mit einer Wattierung aus lavalan\u00ae, dem besten Wollvlies aus heimischer Produktion, garantiert eine 100% pferdefreundliche Satteldecke. Eine Satteldecke aus Wolle tut dem R\u00fccken deines Isl\u00e4nders gut. Sie h\u00e4lt die Sattellage trocken, ist bei keinem Wetter zu hei\u00df oder zu kalt und hilft dabei die R\u00fcckenmuskulatur zu entspannen. Der anatomische Schnitt passt zu jedem Pferder\u00fccken und Sattel. Schurwolle ist pflegeleicht und l\u00e4sst sich in der Maschine waschen. Made in Germany. F\u00fcllung aus Wolle, kein\u00a0Polyester.<\/p>\n<p>&nbsp;<\/p>\n","protected":false},"excerpt":{"rendered":"<p><a href=\"https:\/\/www.melasol.net\/\" target=\"_blank\" rel=\"noopener\"><strong>Melas\u00f3l<\/strong><\/a> <strong>und Sportsfreund Studios<\/strong> haben ihre n\u00e4chste gemeinsame Satteldecke entworfen: Verzauberndes<strong> isl\u00e4ndisches Fischleder <\/strong>verziert die exklusive Satteldecke aus <strong>100% bayerischer Wolle<\/strong>. \u2013 Strictly limited edition!<\/p>\n","protected":false},"featured_media":33904,"template":"","meta":[],"product_brand":[],"product_cat":[593,594],"product_tag":[],"class_list":{"0":"post-33764","1":"product","2":"type-product","3":"status-publish","4":"has-post-thumbnail","6":"product_cat-satteldecken","7":"product_cat-sportsfreundxmelasol","9":"first","10":"outofstock","11":"taxable","12":"shipping-taxable","13":"purchasable","14":"product-type-simple"},"composite_virtual":false,"composite_layout":"","composite_add_to_cart_form_location":"","composite_editable_in_cart":false,"composite_sold_individually_context":"","composite_shop_price_calc":"","composite_components":[],"composite_scenarios":[],"bundled_by":[],"bundle_stock_status":"outofstock","bundle_stock_quantity":0,"bundle_virtual":false,"bundle_layout":"","bundle_add_to_cart_form_location":"","bundle_editable_in_cart":false,"bundle_sold_individually_context":"","bundle_item_grouping":"","bundle_min_size":"","bundle_max_size":"","bundle_price":[],"bundled_items":[],"bundle_sell_ids":[],"yoast_head":"<!-- This site is optimized with the Yoast SEO plugin v27.4 - https:\/\/yoast.com\/product\/yoast-seo-wordpress\/ -->\n<title>Sportsfreund x Melasol \/ Satteldecke Wolle RED DESERT - Melas\u00f3l \u2013 die Ledermanufaktur von Sattlerin Katharina Weitz<\/title>\n<meta name=\"description\" content=\"Die neusteste Satteldeckenkration von Sportsfreund &amp; Melas\u00f3l! Loden in dunklem gr\u00fcn trifft auf edles isl\u00e4ndisches Fischleder in burgundy.\" \/>\n<meta name=\"robots\" content=\"index, follow, max-snippet:-1, max-image-preview:large, max-video-preview:-1\" \/>\n<link rel=\"canonical\" href=\"https:\/\/www.melasol.net\/en\/produkt\/sportsfreund-x-melasol-satteldecke-wolle-red-desert\/\" \/>\n<meta property=\"og:locale\" content=\"en_US\" \/>\n<meta property=\"og:type\" content=\"article\" \/>\n<meta property=\"og:title\" content=\"Sportsfreund x Melasol \/ Satteldecke Wolle RED DESERT - Melas\u00f3l \u2013 die Ledermanufaktur von Sattlerin Katharina Weitz\" \/>\n<meta property=\"og:description\" content=\"Die neusteste Satteldeckenkration von Sportsfreund &amp; Melas\u00f3l! Loden in dunklem gr\u00fcn trifft auf edles isl\u00e4ndisches Fischleder in burgundy.\" \/>\n<meta property=\"og:url\" content=\"https:\/\/www.melasol.net\/en\/produkt\/sportsfreund-x-melasol-satteldecke-wolle-red-desert\/\" \/>\n<meta property=\"og:site_name\" content=\"Melas\u00f3l \u2013 die Ledermanufaktur von Sattlerin Katharina Weitz\" \/>\n<meta property=\"article:modified_time\" content=\"2024-12-28T17:23:53+00:00\" \/>\n<meta property=\"og:image\" content=\"https:\/\/www.melasol.net\/wp-content\/uploads\/2023\/11\/Satteldecke-Wolle-Islandpferd-Sportsfreund-Studios-Rost-Melasol-1.jpg\" \/>\n\t<meta property=\"og:image:width\" content=\"749\" \/>\n\t<meta property=\"og:image:height\" content=\"1000\" \/>\n\t<meta property=\"og:image:type\" content=\"image\/jpeg\" \/>\n<meta name=\"twitter:card\" content=\"summary_large_image\" \/>\n<meta name=\"twitter:label1\" content=\"Est. reading time\" \/>\n\t<meta name=\"twitter:data1\" content=\"2 minutes\" \/>\n<script type=\"application\/ld+json\" class=\"yoast-schema-graph\">{\"@context\":\"https:\\\/\\\/schema.org\",\"@graph\":[{\"@type\":\"WebPage\",\"@id\":\"https:\\\/\\\/www.melasol.net\\\/en\\\/produkt\\\/sportsfreund-x-melasol-satteldecke-wolle-red-desert\\\/\",\"url\":\"https:\\\/\\\/www.melasol.net\\\/en\\\/produkt\\\/sportsfreund-x-melasol-satteldecke-wolle-red-desert\\\/\",\"name\":\"Sportsfreund x Melasol \\\/ Satteldecke Wolle RED DESERT - Melas\u00f3l \u2013 die Ledermanufaktur von Sattlerin Katharina Weitz\",\"isPartOf\":{\"@id\":\"https:\\\/\\\/www.melasol.net\\\/en\\\/#website\"},\"primaryImageOfPage\":{\"@id\":\"https:\\\/\\\/www.melasol.net\\\/en\\\/produkt\\\/sportsfreund-x-melasol-satteldecke-wolle-red-desert\\\/#primaryimage\"},\"image\":{\"@id\":\"https:\\\/\\\/www.melasol.net\\\/en\\\/produkt\\\/sportsfreund-x-melasol-satteldecke-wolle-red-desert\\\/#primaryimage\"},\"thumbnailUrl\":\"https:\\\/\\\/www.melasol.net\\\/wp-content\\\/uploads\\\/2023\\\/11\\\/Satteldecke-Wolle-Islandpferd-Sportsfreund-Studios-Rost-Melasol-1.jpg\",\"datePublished\":\"2023-09-11T10:34:19+00:00\",\"dateModified\":\"2024-12-28T17:23:53+00:00\",\"description\":\"Die neusteste Satteldeckenkration von Sportsfreund & Melas\u00f3l! Loden in dunklem gr\u00fcn trifft auf edles isl\u00e4ndisches Fischleder in burgundy.\",\"breadcrumb\":{\"@id\":\"https:\\\/\\\/www.melasol.net\\\/en\\\/produkt\\\/sportsfreund-x-melasol-satteldecke-wolle-red-desert\\\/#breadcrumb\"},\"inLanguage\":\"en-US\",\"potentialAction\":[{\"@type\":\"ReadAction\",\"target\":[\"https:\\\/\\\/www.melasol.net\\\/en\\\/produkt\\\/sportsfreund-x-melasol-satteldecke-wolle-red-desert\\\/\"]}]},{\"@type\":\"ImageObject\",\"inLanguage\":\"en-US\",\"@id\":\"https:\\\/\\\/www.melasol.net\\\/en\\\/produkt\\\/sportsfreund-x-melasol-satteldecke-wolle-red-desert\\\/#primaryimage\",\"url\":\"https:\\\/\\\/www.melasol.net\\\/wp-content\\\/uploads\\\/2023\\\/11\\\/Satteldecke-Wolle-Islandpferd-Sportsfreund-Studios-Rost-Melasol-1.jpg\",\"contentUrl\":\"https:\\\/\\\/www.melasol.net\\\/wp-content\\\/uploads\\\/2023\\\/11\\\/Satteldecke-Wolle-Islandpferd-Sportsfreund-Studios-Rost-Melasol-1.jpg\",\"width\":749,\"height\":1000},{\"@type\":\"BreadcrumbList\",\"@id\":\"https:\\\/\\\/www.melasol.net\\\/en\\\/produkt\\\/sportsfreund-x-melasol-satteldecke-wolle-red-desert\\\/#breadcrumb\",\"itemListElement\":[{\"@type\":\"ListItem\",\"position\":1,\"name\":\"Home\",\"item\":\"https:\\\/\\\/www.melasol.net\\\/en\\\/home\\\/\"},{\"@type\":\"ListItem\",\"position\":2,\"name\":\"Shop\",\"item\":\"https:\\\/\\\/www.melasol.net\\\/en\\\/shop\\\/\"},{\"@type\":\"ListItem\",\"position\":3,\"name\":\"Sportsfreund x Melasol \\\/ Satteldecke Wolle RED DESERT\"}]},{\"@type\":\"WebSite\",\"@id\":\"https:\\\/\\\/www.melasol.net\\\/en\\\/#website\",\"url\":\"https:\\\/\\\/www.melasol.net\\\/en\\\/\",\"name\":\"Melas\u00f3l \u2013 die Ledermanufaktur von Sattlerin Katharina Weitz\",\"description\":\"\",\"publisher\":{\"@id\":\"https:\\\/\\\/www.melasol.net\\\/en\\\/#organization\"},\"potentialAction\":[{\"@type\":\"SearchAction\",\"target\":{\"@type\":\"EntryPoint\",\"urlTemplate\":\"https:\\\/\\\/www.melasol.net\\\/en\\\/?s={search_term_string}\"},\"query-input\":{\"@type\":\"PropertyValueSpecification\",\"valueRequired\":true,\"valueName\":\"search_term_string\"}}],\"inLanguage\":\"en-US\"},{\"@type\":\"Organization\",\"@id\":\"https:\\\/\\\/www.melasol.net\\\/en\\\/#organization\",\"name\":\"Melas\u00f3l \u2013 die Ledermanufaktur von Sattlerin Katharina Weitz\",\"url\":\"https:\\\/\\\/www.melasol.net\\\/en\\\/\",\"logo\":{\"@type\":\"ImageObject\",\"inLanguage\":\"en-US\",\"@id\":\"https:\\\/\\\/www.melasol.net\\\/en\\\/#\\\/schema\\\/logo\\\/image\\\/\",\"url\":\"https:\\\/\\\/www.melasol.net\\\/wp-content\\\/uploads\\\/2021\\\/01\\\/Melasol_Logo.png\",\"contentUrl\":\"https:\\\/\\\/www.melasol.net\\\/wp-content\\\/uploads\\\/2021\\\/01\\\/Melasol_Logo.png\",\"width\":640,\"height\":244,\"caption\":\"Melas\u00f3l \u2013 die Ledermanufaktur von Sattlerin Katharina Weitz\"},\"image\":{\"@id\":\"https:\\\/\\\/www.melasol.net\\\/en\\\/#\\\/schema\\\/logo\\\/image\\\/\"}}]}<\/script>\n<!-- \/ Yoast SEO plugin. -->","yoast_head_json":{"title":"Sportsfreund x Melasol \/ Satteldecke Wolle RED DESERT - Melas\u00f3l \u2013 die Ledermanufaktur von Sattlerin Katharina Weitz","description":"Die neusteste Satteldeckenkration von Sportsfreund & Melas\u00f3l! Loden in dunklem gr\u00fcn trifft auf edles isl\u00e4ndisches Fischleder in burgundy.","robots":{"index":"index","follow":"follow","max-snippet":"max-snippet:-1","max-image-preview":"max-image-preview:large","max-video-preview":"max-video-preview:-1"},"canonical":"https:\/\/www.melasol.net\/en\/produkt\/sportsfreund-x-melasol-satteldecke-wolle-red-desert\/","og_locale":"en_US","og_type":"article","og_title":"Sportsfreund x Melasol \/ Satteldecke Wolle RED DESERT - Melas\u00f3l \u2013 die Ledermanufaktur von Sattlerin Katharina Weitz","og_description":"Die neusteste Satteldeckenkration von Sportsfreund & Melas\u00f3l! Loden in dunklem gr\u00fcn trifft auf edles isl\u00e4ndisches Fischleder in burgundy.","og_url":"https:\/\/www.melasol.net\/en\/produkt\/sportsfreund-x-melasol-satteldecke-wolle-red-desert\/","og_site_name":"Melas\u00f3l \u2013 die Ledermanufaktur von Sattlerin Katharina Weitz","article_modified_time":"2024-12-28T17:23:53+00:00","og_image":[{"width":749,"height":1000,"url":"https:\/\/www.melasol.net\/wp-content\/uploads\/2023\/11\/Satteldecke-Wolle-Islandpferd-Sportsfreund-Studios-Rost-Melasol-1.jpg","type":"image\/jpeg"}],"twitter_card":"summary_large_image","twitter_misc":{"Est. reading time":"2 minutes"},"schema":{"@context":"https:\/\/schema.org","@graph":[{"@type":"WebPage","@id":"https:\/\/www.melasol.net\/en\/produkt\/sportsfreund-x-melasol-satteldecke-wolle-red-desert\/","url":"https:\/\/www.melasol.net\/en\/produkt\/sportsfreund-x-melasol-satteldecke-wolle-red-desert\/","name":"Sportsfreund x Melasol \/ Satteldecke Wolle RED DESERT - Melas\u00f3l \u2013 die Ledermanufaktur von Sattlerin Katharina Weitz","isPartOf":{"@id":"https:\/\/www.melasol.net\/en\/#website"},"primaryImageOfPage":{"@id":"https:\/\/www.melasol.net\/en\/produkt\/sportsfreund-x-melasol-satteldecke-wolle-red-desert\/#primaryimage"},"image":{"@id":"https:\/\/www.melasol.net\/en\/produkt\/sportsfreund-x-melasol-satteldecke-wolle-red-desert\/#primaryimage"},"thumbnailUrl":"https:\/\/www.melasol.net\/wp-content\/uploads\/2023\/11\/Satteldecke-Wolle-Islandpferd-Sportsfreund-Studios-Rost-Melasol-1.jpg","datePublished":"2023-09-11T10:34:19+00:00","dateModified":"2024-12-28T17:23:53+00:00","description":"Die neusteste Satteldeckenkration von Sportsfreund & Melas\u00f3l! Loden in dunklem gr\u00fcn trifft auf edles isl\u00e4ndisches Fischleder in burgundy.","breadcrumb":{"@id":"https:\/\/www.melasol.net\/en\/produkt\/sportsfreund-x-melasol-satteldecke-wolle-red-desert\/#breadcrumb"},"inLanguage":"en-US","potentialAction":[{"@type":"ReadAction","target":["https:\/\/www.melasol.net\/en\/produkt\/sportsfreund-x-melasol-satteldecke-wolle-red-desert\/"]}]},{"@type":"ImageObject","inLanguage":"en-US","@id":"https:\/\/www.melasol.net\/en\/produkt\/sportsfreund-x-melasol-satteldecke-wolle-red-desert\/#primaryimage","url":"https:\/\/www.melasol.net\/wp-content\/uploads\/2023\/11\/Satteldecke-Wolle-Islandpferd-Sportsfreund-Studios-Rost-Melasol-1.jpg","contentUrl":"https:\/\/www.melasol.net\/wp-content\/uploads\/2023\/11\/Satteldecke-Wolle-Islandpferd-Sportsfreund-Studios-Rost-Melasol-1.jpg","width":749,"height":1000},{"@type":"BreadcrumbList","@id":"https:\/\/www.melasol.net\/en\/produkt\/sportsfreund-x-melasol-satteldecke-wolle-red-desert\/#breadcrumb","itemListElement":[{"@type":"ListItem","position":1,"name":"Home","item":"https:\/\/www.melasol.net\/en\/home\/"},{"@type":"ListItem","position":2,"name":"Shop","item":"https:\/\/www.melasol.net\/en\/shop\/"},{"@type":"ListItem","position":3,"name":"Sportsfreund x Melasol \/ Satteldecke Wolle RED DESERT"}]},{"@type":"WebSite","@id":"https:\/\/www.melasol.net\/en\/#website","url":"https:\/\/www.melasol.net\/en\/","name":"Melas\u00f3l \u2013 die Ledermanufaktur von Sattlerin Katharina Weitz","description":"","publisher":{"@id":"https:\/\/www.melasol.net\/en\/#organization"},"potentialAction":[{"@type":"SearchAction","target":{"@type":"EntryPoint","urlTemplate":"https:\/\/www.melasol.net\/en\/?s={search_term_string}"},"query-input":{"@type":"PropertyValueSpecification","valueRequired":true,"valueName":"search_term_string"}}],"inLanguage":"en-US"},{"@type":"Organization","@id":"https:\/\/www.melasol.net\/en\/#organization","name":"Melas\u00f3l \u2013 die Ledermanufaktur von Sattlerin Katharina Weitz","url":"https:\/\/www.melasol.net\/en\/","logo":{"@type":"ImageObject","inLanguage":"en-US","@id":"https:\/\/www.melasol.net\/en\/#\/schema\/logo\/image\/","url":"https:\/\/www.melasol.net\/wp-content\/uploads\/2021\/01\/Melasol_Logo.png","contentUrl":"https:\/\/www.melasol.net\/wp-content\/uploads\/2021\/01\/Melasol_Logo.png","width":640,"height":244,"caption":"Melas\u00f3l \u2013 die Ledermanufaktur von Sattlerin Katharina Weitz"},"image":{"@id":"https:\/\/www.melasol.net\/en\/#\/schema\/logo\/image\/"}}]}},"_links":{"self":[{"href":"https:\/\/www.melasol.net\/en\/wp-json\/wp\/v2\/product\/33764","targetHints":{"allow":["GET"]}}],"collection":[{"href":"https:\/\/www.melasol.net\/en\/wp-json\/wp\/v2\/product"}],"about":[{"href":"https:\/\/www.melasol.net\/en\/wp-json\/wp\/v2\/types\/product"}],"version-history":[{"count":4,"href":"https:\/\/www.melasol.net\/en\/wp-json\/wp\/v2\/product\/33764\/revisions"}],"predecessor-version":[{"id":33791,"href":"https:\/\/www.melasol.net\/en\/wp-json\/wp\/v2\/product\/33764\/revisions\/33791"}],"wp:featuredmedia":[{"embeddable":true,"href":"https:\/\/www.melasol.net\/en\/wp-json\/wp\/v2\/media\/33904"}],"wp:attachment":[{"href":"https:\/\/www.melasol.net\/en\/wp-json\/wp\/v2\/media?parent=33764"}],"wp:term":[{"taxonomy":"product_brand","embeddable":true,"href":"https:\/\/www.melasol.net\/en\/wp-json\/wp\/v2\/product_brand?post=33764"},{"taxonomy":"product_cat","embeddable":true,"href":"https:\/\/www.melasol.net\/en\/wp-json\/wp\/v2\/product_cat?post=33764"},{"taxonomy":"product_tag","embeddable":true,"href":"https:\/\/www.melasol.net\/en\/wp-json\/wp\/v2\/product_tag?post=33764"}],"curies":[{"name":"wp","href":"https:\/\/api.w.org\/{rel}","templated":true}]}}