{"id":39361,"date":"2021-02-01T17:20:20","date_gmt":"2021-02-01T16:20:20","guid":{"rendered":"https:\/\/www.melasol.net\/shipping-payment\/"},"modified":"2021-02-01T17:20:20","modified_gmt":"2021-02-01T16:20:20","slug":"shipping-payment","status":"publish","type":"page","link":"https:\/\/www.melasol.net\/en\/shipping-payment\/","title":{"rendered":"Shipping &amp; Payment"},"content":{"rendered":"\t\t<div data-elementor-type=\"wp-page\" data-elementor-id=\"39361\" class=\"elementor elementor-39361 elementor-3397\" data-elementor-post-type=\"page\">\n\t\t\t\t\t\t<section class=\"elementor-section elementor-top-section elementor-element elementor-element-361364cf elementor-section-boxed elementor-section-height-default elementor-section-height-default\" data-id=\"361364cf\" data-element_type=\"section\" data-e-type=\"section\" data-settings=\"{&quot;background_background&quot;:&quot;classic&quot;}\">\n\t\t\t\t\t\t\t<div class=\"elementor-background-overlay\"><\/div>\n\t\t\t\t\t\t\t<div class=\"elementor-container elementor-column-gap-wide\">\n\t\t\t\t\t<div class=\"elementor-column elementor-col-100 elementor-top-column elementor-element elementor-element-426da067\" data-id=\"426da067\" data-element_type=\"column\" data-e-type=\"column\" data-settings=\"{&quot;background_background&quot;:&quot;classic&quot;}\">\n\t\t\t<div class=\"elementor-widget-wrap elementor-element-populated\">\n\t\t\t\t\t\t<div class=\"elementor-element elementor-element-3df7782f elementor-hidden-phone elementor-widget elementor-widget-woocommerce-breadcrumb\" data-id=\"3df7782f\" data-element_type=\"widget\" data-e-type=\"widget\" data-widget_type=\"woocommerce-breadcrumb.default\">\n\t\t\t\t<div class=\"elementor-widget-container\">\n\t\t\t\t\t<nav class=\"woocommerce-breadcrumb\" aria-label=\"Breadcrumb\">Home<\/nav>\t\t\t\t<\/div>\n\t\t\t\t<\/div>\n\t\t\t\t<div class=\"elementor-element elementor-element-625f8715 elementor-widget elementor-widget-theme-post-title elementor-page-title elementor-widget-heading\" data-id=\"625f8715\" data-element_type=\"widget\" data-e-type=\"widget\" data-widget_type=\"theme-post-title.default\">\n\t\t\t\t<div class=\"elementor-widget-container\">\n\t\t\t\t\t<h1 class=\"elementor-heading-title elementor-size-default\">Shipping &amp; Payment<\/h1>\t\t\t\t<\/div>\n\t\t\t\t<\/div>\n\t\t\t\t<div class=\"elementor-element elementor-element-4bbf90a4 elementor-widget elementor-widget-text-editor\" data-id=\"4bbf90a4\" data-element_type=\"widget\" data-e-type=\"widget\" data-widget_type=\"text-editor.default\">\n\t\t\t\t<div class=\"elementor-widget-container\">\n\t\t\t\t\t\t\t\t\t<div id=\"content_area\" data-container=\"content\"><div id=\"cc-shop-deliveryinfopage\" class=\"j-static-page\"><div id=\"cc-shop-shipping-free-text\"><h5 class=\"n\">Allgemeine Informationen zum Versand:<\/h5><p class=\"n\">F\u00fcr jede Bestellung fallen pauschale Kosten f\u00fcr Verpackung &amp; Versand an.<\/p><p><strong>Der Standard-Versand innerhalb Deutschland betr\u00e4gt 6,00 \u20ac inkl. MwSt. Kleine Artikel werden im Brief-Versand pauschal f\u00fcr 3,00 \u20ac inkl. MwSt verschickt.<\/strong><br \/><strong>Welche Versandkosten anfallen, wird im Bestellvorgang automatisch kalkuliert und angezeigt.<\/strong> Werden mehrere Produkte aus unterschiedlichen Versandarten bestellt, f\u00e4llt die h\u00f6here Versandkostenpauschale an.<\/p><p>Folgende Produkte werden mit Brief-Versand verschickt:<\/p><p>Schl\u00fcsselanh\u00e4nger, Armb\u00e4nder, Lesezeichen, Gutschein.<\/p><\/div><div id=\"cc-shop-shipping-free-text\"><h5 class=\"n\">Spezielle Hinweise zum Versand ins Ausland:<\/h5><p class=\"n\">Bei Lieferungen in das Ausland k\u00f6nnen Z\u00f6lle, Steuern und Geb\u00fchren anfallen, die im angezeigten Gesamtpreis nicht enthalten sind.<br \/>Versand ins weitere Ausland nach Anfrage!<\/p><\/div><div id=\"cc-shop-countries\"><h5 class=\"n\">L\u00e4nder, in die versendet wird:<\/h5><table class=\"j-delivery-info\"><thead><tr><th>\u00a0<\/th><th>Standardversandkosten<\/th><\/tr><\/thead><tbody><tr><td>Deutschland<\/td><td>6,00 \u20ac<\/td><\/tr><tr><td>\u00a0<\/td><td>\u00a0<\/td><\/tr><tr><td>\u00a0<\/td><td>\u00a0<\/td><\/tr><tr><td>\u00a0<\/td><td>\u00a0<\/td><\/tr><tr><td>Belgien<\/td><td>18,00 \u20ac<\/td><\/tr><tr><td>\u00a0<\/td><td>\u00a0<\/td><\/tr><tr><td>Bulgarien<\/td><td>18,00 \u20ac<\/td><\/tr><tr><td>D\u00e4nemark<\/td><td>18,00 \u20ac<\/td><\/tr><tr><td>Estland<\/td><td>18,00 \u20ac<\/td><\/tr><tr><td>F\u00e4r\u00f6er<\/td><td>18,00 \u20ac<\/td><\/tr><tr><td>Finnland<\/td><td>18,00 \u20ac<\/td><\/tr><tr><td>Frankreich<\/td><td>18,00 \u20ac<\/td><\/tr><tr><td>\u00a0<\/td><td>\u00a0<\/td><\/tr><tr><td>\u00a0<\/td><td>\u00a0<\/td><\/tr><tr><td>Griechenland<\/td><td>18,00 \u20ac<\/td><\/tr><tr><td>Irland<\/td><td>18,00 \u20ac<\/td><\/tr><tr><td>Island<\/td><td>18,00 \u20ac<\/td><\/tr><tr><td>Italien<\/td><td>18,00 \u20ac<\/td><\/tr><tr><td>Kroatien<\/td><td>18,00 \u20ac<\/td><\/tr><tr><td>Lettland<\/td><td>18,00 \u20ac<\/td><\/tr><tr><td>Liechtenstein<\/td><td>18,00 \u20ac<\/td><\/tr><tr><td>Litauen<\/td><td>18,00 \u20ac<\/td><\/tr><tr><td>Luxemburg<\/td><td>18,00 \u20ac<\/td><\/tr><tr><td>Malta<\/td><td>18,00 \u20ac<\/td><\/tr><tr><td>\u00a0<\/td><td>\u00a0<\/td><\/tr><tr><td>\u00a0<\/td><td>\u00a0<\/td><\/tr><tr><td>\u00a0<\/td><td>\u00a0<\/td><\/tr><tr><td>\u00a0<\/td><td>\u00a0<\/td><\/tr><tr><td>Niederlande<\/td><td>18,00 \u20ac<\/td><\/tr><tr><td>Norwegen<\/td><td>18,00 \u20ac<\/td><\/tr><tr><td>\u00d6sterreich<\/td><td>18,00 \u20ac<\/td><\/tr><tr><td>Polen<\/td><td>18,00 \u20ac<\/td><\/tr><tr><td>Portugal<\/td><td>18,00 \u20ac<\/td><\/tr><tr><td>\u00a0<\/td><td>\u00a0<\/td><\/tr><tr><td>Rum\u00e4nien<\/td><td>18,00 \u20ac<\/td><\/tr><tr><td>\u00a0<\/td><td>\u00a0<\/td><\/tr><tr><td>\u00a0<\/td><td>\u00a0<\/td><\/tr><tr><td>Schweden<\/td><td>18,00 \u20ac<\/td><\/tr><tr><td>Schweiz<\/td><td>18,00 \u20ac<\/td><\/tr><tr><td>\u00a0<\/td><td>\u00a0<\/td><\/tr><tr><td>Slowakei<\/td><td>18,00 \u20ac<\/td><\/tr><tr><td>Slowenien<\/td><td>18,00 \u20ac<\/td><\/tr><tr><td>Spanien<\/td><td>18,00 \u20ac<\/td><\/tr><tr><td>\u00a0<\/td><td>\u00a0<\/td><\/tr><tr><td>Tschechische Republik<\/td><td>18,00 \u20ac<\/td><\/tr><tr><td>\u00a0<\/td><td>\u00a0<\/td><\/tr><tr><td>\u00a0<\/td><td>\u00a0<\/td><\/tr><tr><td>Ungarn<\/td><td>18,00 \u20ac<\/td><\/tr><tr><td>\u00a0<\/td><td>\u00a0<\/td><\/tr><tr><td>Vereinigtes K\u00f6nigreich<\/td><td>18,00 \u20ac<\/td><\/tr><tr><td>Zypern<\/td><td>18,00 \u20ac<\/td><\/tr><\/tbody><\/table><\/div><div id=\"cc-shop-info-payment-methods\"><h5 class=\"n\">Bezahlmethoden:<\/h5><p>S\u00e4mtliche Produkte sind ausschlie\u00dflich Vorkasse per Bank\u00fcberweisung zu bezahlen. Nach Eingang der Bestellung wird eine separate E-Mail mit der Rechnung und Bankverbindung zugesandt. Bitte \u00fcberweisen Sie die Rechnungssumme mit Angabe der Rechnungsnr. auf unser Bankkonto. <strong>Erst nach Geldeingang wird die Ware angefertigt bzw. versandt.<\/strong><\/p><\/div><\/div><\/div>\t\t\t\t\t\t\t\t<\/div>\n\t\t\t\t<\/div>\n\t\t\t\t\t<\/div>\n\t\t<\/div>\n\t\t\t\t\t<\/div>\n\t\t<\/section>\n\t\t\t\t<\/div>\n\t\t","protected":false},"excerpt":{"rendered":"<p>General information about shipping: A flat fee for packaging and shipping applies to every order. Standard shipping within Germany costs \u20ac5.00 including VAT. Small items are sent via letter post for a flat rate of \u20ac3.00 including VAT. Shipping costs are automatically calculated and displayed during the ordering process. If multiple products are ordered using [&hellip;]<\/p>\n","protected":false},"author":1,"featured_media":0,"parent":0,"menu_order":0,"comment_status":"closed","ping_status":"closed","template":"elementor_header_footer","meta":{"footnotes":""},"class_list":["post-39361","page","type-page","status-publish","hentry"],"yoast_head":"<!-- This site is optimized with the Yoast SEO plugin v27.5 - https:\/\/yoast.com\/product\/yoast-seo-wordpress\/ -->\n<title>Shipping &amp; Payment - Melas\u00f3l \u2013 die Ledermanufaktur von Sattlerin Katharina Weitz<\/title>\n<meta name=\"robots\" content=\"index, follow, max-snippet:-1, max-image-preview:large, max-video-preview:-1\" \/>\n<link rel=\"canonical\" href=\"https:\/\/www.melasol.net\/en\/shipping-payment\/\" \/>\n<meta property=\"og:locale\" content=\"en_US\" \/>\n<meta property=\"og:type\" content=\"article\" \/>\n<meta property=\"og:title\" content=\"Shipping &amp; Payment - Melas\u00f3l \u2013 die Ledermanufaktur von Sattlerin Katharina Weitz\" \/>\n<meta property=\"og:description\" content=\"General information about shipping: A flat fee for packaging and shipping applies to every order. Standard shipping within Germany costs \u20ac5.00 including VAT. Small items are sent via letter post for a flat rate of \u20ac3.00 including VAT. Shipping costs are automatically calculated and displayed during the ordering process. If multiple products are ordered using [&hellip;]\" \/>\n<meta property=\"og:url\" content=\"https:\/\/www.melasol.net\/en\/shipping-payment\/\" \/>\n<meta property=\"og:site_name\" content=\"Melas\u00f3l \u2013 die Ledermanufaktur von Sattlerin Katharina Weitz\" \/>\n<meta property=\"og:image\" content=\"https:\/\/www.melasol.net\/wp-content\/uploads\/2021\/03\/Melasol_Logo-s.png\" \/>\n\t<meta property=\"og:image:width\" content=\"544\" \/>\n\t<meta property=\"og:image:height\" content=\"189\" \/>\n\t<meta property=\"og:image:type\" content=\"image\/png\" \/>\n<meta name=\"twitter:card\" content=\"summary_large_image\" \/>\n<meta name=\"twitter:label1\" content=\"Est. reading time\" \/>\n\t<meta name=\"twitter:data1\" content=\"1 minute\" \/>\n<script type=\"application\/ld+json\" class=\"yoast-schema-graph\">{\"@context\":\"https:\\\/\\\/schema.org\",\"@graph\":[{\"@type\":\"WebPage\",\"@id\":\"https:\\\/\\\/www.melasol.net\\\/en\\\/shipping-payment\\\/\",\"url\":\"https:\\\/\\\/www.melasol.net\\\/en\\\/shipping-payment\\\/\",\"name\":\"Shipping &amp; Payment - Melas\u00f3l \u2013 die Ledermanufaktur von Sattlerin Katharina Weitz\",\"isPartOf\":{\"@id\":\"https:\\\/\\\/www.melasol.net\\\/en\\\/#website\"},\"datePublished\":\"2021-02-01T16:20:20+00:00\",\"breadcrumb\":{\"@id\":\"https:\\\/\\\/www.melasol.net\\\/en\\\/shipping-payment\\\/#breadcrumb\"},\"inLanguage\":\"en-US\",\"potentialAction\":[{\"@type\":\"ReadAction\",\"target\":[\"https:\\\/\\\/www.melasol.net\\\/en\\\/shipping-payment\\\/\"]}]},{\"@type\":\"BreadcrumbList\",\"@id\":\"https:\\\/\\\/www.melasol.net\\\/en\\\/shipping-payment\\\/#breadcrumb\",\"itemListElement\":[{\"@type\":\"ListItem\",\"position\":1,\"name\":\"Home\",\"item\":\"https:\\\/\\\/www.melasol.net\\\/en\\\/home\\\/\"},{\"@type\":\"ListItem\",\"position\":2,\"name\":\"Shipping &amp; Payment\"}]},{\"@type\":\"WebSite\",\"@id\":\"https:\\\/\\\/www.melasol.net\\\/en\\\/#website\",\"url\":\"https:\\\/\\\/www.melasol.net\\\/en\\\/\",\"name\":\"Melas\u00f3l \u2013 die Ledermanufaktur von Sattlerin Katharina Weitz\",\"description\":\"\",\"publisher\":{\"@id\":\"https:\\\/\\\/www.melasol.net\\\/en\\\/#organization\"},\"potentialAction\":[{\"@type\":\"SearchAction\",\"target\":{\"@type\":\"EntryPoint\",\"urlTemplate\":\"https:\\\/\\\/www.melasol.net\\\/en\\\/?s={search_term_string}\"},\"query-input\":{\"@type\":\"PropertyValueSpecification\",\"valueRequired\":true,\"valueName\":\"search_term_string\"}}],\"inLanguage\":\"en-US\"},{\"@type\":\"Organization\",\"@id\":\"https:\\\/\\\/www.melasol.net\\\/en\\\/#organization\",\"name\":\"Melas\u00f3l \u2013 die Ledermanufaktur von Sattlerin Katharina Weitz\",\"url\":\"https:\\\/\\\/www.melasol.net\\\/en\\\/\",\"logo\":{\"@type\":\"ImageObject\",\"inLanguage\":\"en-US\",\"@id\":\"https:\\\/\\\/www.melasol.net\\\/en\\\/#\\\/schema\\\/logo\\\/image\\\/\",\"url\":\"https:\\\/\\\/www.melasol.net\\\/wp-content\\\/uploads\\\/2021\\\/01\\\/Melasol_Logo.png\",\"contentUrl\":\"https:\\\/\\\/www.melasol.net\\\/wp-content\\\/uploads\\\/2021\\\/01\\\/Melasol_Logo.png\",\"width\":640,\"height\":244,\"caption\":\"Melas\u00f3l \u2013 die Ledermanufaktur von Sattlerin Katharina Weitz\"},\"image\":{\"@id\":\"https:\\\/\\\/www.melasol.net\\\/en\\\/#\\\/schema\\\/logo\\\/image\\\/\"}}]}<\/script>\n<!-- \/ Yoast SEO plugin. -->","yoast_head_json":{"title":"Shipping &amp; Payment - Melas\u00f3l \u2013 die Ledermanufaktur von Sattlerin Katharina Weitz","robots":{"index":"index","follow":"follow","max-snippet":"max-snippet:-1","max-image-preview":"max-image-preview:large","max-video-preview":"max-video-preview:-1"},"canonical":"https:\/\/www.melasol.net\/en\/shipping-payment\/","og_locale":"en_US","og_type":"article","og_title":"Shipping &amp; Payment - Melas\u00f3l \u2013 die Ledermanufaktur von Sattlerin Katharina Weitz","og_description":"General information about shipping: A flat fee for packaging and shipping applies to every order. Standard shipping within Germany costs \u20ac5.00 including VAT. Small items are sent via letter post for a flat rate of \u20ac3.00 including VAT. Shipping costs are automatically calculated and displayed during the ordering process. If multiple products are ordered using [&hellip;]","og_url":"https:\/\/www.melasol.net\/en\/shipping-payment\/","og_site_name":"Melas\u00f3l \u2013 die Ledermanufaktur von Sattlerin Katharina Weitz","og_image":[{"width":544,"height":189,"url":"https:\/\/www.melasol.net\/wp-content\/uploads\/2021\/03\/Melasol_Logo-s.png","type":"image\/png"}],"twitter_card":"summary_large_image","twitter_misc":{"Est. reading time":"1 minute"},"schema":{"@context":"https:\/\/schema.org","@graph":[{"@type":"WebPage","@id":"https:\/\/www.melasol.net\/en\/shipping-payment\/","url":"https:\/\/www.melasol.net\/en\/shipping-payment\/","name":"Shipping &amp; Payment - Melas\u00f3l \u2013 die Ledermanufaktur von Sattlerin Katharina Weitz","isPartOf":{"@id":"https:\/\/www.melasol.net\/en\/#website"},"datePublished":"2021-02-01T16:20:20+00:00","breadcrumb":{"@id":"https:\/\/www.melasol.net\/en\/shipping-payment\/#breadcrumb"},"inLanguage":"en-US","potentialAction":[{"@type":"ReadAction","target":["https:\/\/www.melasol.net\/en\/shipping-payment\/"]}]},{"@type":"BreadcrumbList","@id":"https:\/\/www.melasol.net\/en\/shipping-payment\/#breadcrumb","itemListElement":[{"@type":"ListItem","position":1,"name":"Home","item":"https:\/\/www.melasol.net\/en\/home\/"},{"@type":"ListItem","position":2,"name":"Shipping &amp; Payment"}]},{"@type":"WebSite","@id":"https:\/\/www.melasol.net\/en\/#website","url":"https:\/\/www.melasol.net\/en\/","name":"Melas\u00f3l \u2013 die Ledermanufaktur von Sattlerin Katharina Weitz","description":"","publisher":{"@id":"https:\/\/www.melasol.net\/en\/#organization"},"potentialAction":[{"@type":"SearchAction","target":{"@type":"EntryPoint","urlTemplate":"https:\/\/www.melasol.net\/en\/?s={search_term_string}"},"query-input":{"@type":"PropertyValueSpecification","valueRequired":true,"valueName":"search_term_string"}}],"inLanguage":"en-US"},{"@type":"Organization","@id":"https:\/\/www.melasol.net\/en\/#organization","name":"Melas\u00f3l \u2013 die Ledermanufaktur von Sattlerin Katharina Weitz","url":"https:\/\/www.melasol.net\/en\/","logo":{"@type":"ImageObject","inLanguage":"en-US","@id":"https:\/\/www.melasol.net\/en\/#\/schema\/logo\/image\/","url":"https:\/\/www.melasol.net\/wp-content\/uploads\/2021\/01\/Melasol_Logo.png","contentUrl":"https:\/\/www.melasol.net\/wp-content\/uploads\/2021\/01\/Melasol_Logo.png","width":640,"height":244,"caption":"Melas\u00f3l \u2013 die Ledermanufaktur von Sattlerin Katharina Weitz"},"image":{"@id":"https:\/\/www.melasol.net\/en\/#\/schema\/logo\/image\/"}}]}},"_links":{"self":[{"href":"https:\/\/www.melasol.net\/en\/wp-json\/wp\/v2\/pages\/39361","targetHints":{"allow":["GET"]}}],"collection":[{"href":"https:\/\/www.melasol.net\/en\/wp-json\/wp\/v2\/pages"}],"about":[{"href":"https:\/\/www.melasol.net\/en\/wp-json\/wp\/v2\/types\/page"}],"author":[{"embeddable":true,"href":"https:\/\/www.melasol.net\/en\/wp-json\/wp\/v2\/users\/1"}],"replies":[{"embeddable":true,"href":"https:\/\/www.melasol.net\/en\/wp-json\/wp\/v2\/comments?post=39361"}],"version-history":[{"count":0,"href":"https:\/\/www.melasol.net\/en\/wp-json\/wp\/v2\/pages\/39361\/revisions"}],"wp:attachment":[{"href":"https:\/\/www.melasol.net\/en\/wp-json\/wp\/v2\/media?parent=39361"}],"curies":[{"name":"wp","href":"https:\/\/api.w.org\/{rel}","templated":true}]}}